{"id":33,"date":"2023-03-29T22:14:20","date_gmt":"2023-03-29T22:14:20","guid":{"rendered":"https:\/\/quechuaearth.com\/contact\/"},"modified":"2025-08-28T18:16:32","modified_gmt":"2025-08-28T18:16:32","slug":"contact","status":"publish","type":"page","link":"https:\/\/quechuaearth.com\/es\/contact\/","title":{"rendered":"6. CONTACT"},"content":{"rendered":"<div data-elementor-type=\"wp-page\" data-elementor-id=\"33\" class=\"elementor elementor-33\" data-elementor-post-type=\"page\">\n\t\t\t\t<div class=\"elementor-element elementor-element-6e20d79 e-flex e-con-boxed e-con e-parent\" data-id=\"6e20d79\" data-element_type=\"container\" data-e-type=\"container\" data-settings=\"{&quot;background_background&quot;:&quot;classic&quot;}\">\n\t\t\t\t\t<div class=\"e-con-inner\">\n\t\t<div class=\"elementor-element elementor-element-691de9e e-con-full e-flex e-con e-child\" data-id=\"691de9e\" data-element_type=\"container\" data-e-type=\"container\">\n\t\t\t\t<div class=\"elementor-element elementor-element-534dc8a elementor-widget__width-initial elementor-widget elementor-widget-heading\" data-id=\"534dc8a\" data-element_type=\"widget\" data-e-type=\"widget\" data-widget_type=\"heading.default\">\n\t\t\t\t<div class=\"elementor-widget-container\">\n\t\t\t\t\t<h2 class=\"elementor-heading-title elementor-size-large\">Cont\u00e1ctanos<\/h2>\t\t\t\t<\/div>\n\t\t\t\t<\/div>\n\t\t\t\t<div class=\"elementor-element elementor-element-684bd63 elementor-align-start elementor-icon-list--layout-traditional elementor-list-item-link-full_width elementor-widget elementor-widget-icon-list\" data-id=\"684bd63\" data-element_type=\"widget\" data-e-type=\"widget\" data-widget_type=\"icon-list.default\">\n\t\t\t\t<div class=\"elementor-widget-container\">\n\t\t\t\t\t\t\t<ul class=\"elementor-icon-list-items\">\n\t\t\t\t\t\t\t<li class=\"elementor-icon-list-item\">\n\t\t\t\t\t\t\t\t\t\t\t<span class=\"elementor-icon-list-icon\">\n\t\t\t\t\t\t\t<i aria-hidden=\"true\" class=\"fas fa-phone-alt\"><\/i>\t\t\t\t\t\t<\/span>\n\t\t\t\t\t\t\t\t\t\t<span class=\"elementor-icon-list-text\"><b>Tel\u00e9fono:<\/b>  PER +51984297349 - ESP +34621080558 <\/span>\n\t\t\t\t\t\t\t\t\t<\/li>\n\t\t\t\t\t\t\t\t<li class=\"elementor-icon-list-item\">\n\t\t\t\t\t\t\t\t\t\t\t<span class=\"elementor-icon-list-icon\">\n\t\t\t\t\t\t\t<i aria-hidden=\"true\" class=\"far fa-envelope\"><\/i>\t\t\t\t\t\t<\/span>\n\t\t\t\t\t\t\t\t\t\t<span class=\"elementor-icon-list-text\"><b>Email:<\/b> quechuaearth@gmail.com<\/span>\n\t\t\t\t\t\t\t\t\t<\/li>\n\t\t\t\t\t\t\t\t<li class=\"elementor-icon-list-item\">\n\t\t\t\t\t\t\t\t\t\t\t<span class=\"elementor-icon-list-icon\">\n\t\t\t\t\t\t\t<i aria-hidden=\"true\" class=\"fas fa-map-pin\"><\/i>\t\t\t\t\t\t<\/span>\n\t\t\t\t\t\t\t\t\t\t<span class=\"elementor-icon-list-text\"><b>Direcci\u00f3n:<\/b>  PLAZA DE ARMAS - CUSCO <\/span>\n\t\t\t\t\t\t\t\t\t<\/li>\n\t\t\t\t\t\t\t\t<li class=\"elementor-icon-list-item\">\n\t\t\t\t\t\t\t\t\t\t\t<span class=\"elementor-icon-list-icon\">\n\t\t\t\t\t\t\t<i aria-hidden=\"true\" class=\"far fa-clock\"><\/i>\t\t\t\t\t\t<\/span>\n\t\t\t\t\t\t\t\t\t\t<span class=\"elementor-icon-list-text\"><b>Horario de atenci\u00f3n:<\/b> Lunes a Viernes 9:00 am - 5:00 pm<\/span>\n\t\t\t\t\t\t\t\t\t<\/li>\n\t\t\t\t\t\t<\/ul>\n\t\t\t\t\t\t<\/div>\n\t\t\t\t<\/div>\n\t\t\t\t<\/div>\n\t\t<div class=\"elementor-element elementor-element-2c75b41 e-con-full e-flex e-con e-child\" data-id=\"2c75b41\" data-element_type=\"container\" data-e-type=\"container\">\n\t\t\t\t<div class=\"elementor-element elementor-element-318a6c6 elementor-align-left elementor-widget__width-initial elementor-widget elementor-widget-button\" data-id=\"318a6c6\" data-element_type=\"widget\" data-e-type=\"widget\" data-widget_type=\"button.default\">\n\t\t\t\t<div class=\"elementor-widget-container\">\n\t\t\t\t\t\t\t\t\t<div class=\"elementor-button-wrapper\">\n\t\t\t\t\t<a class=\"elementor-button elementor-button-link elementor-size-sm\" href=\"https:\/\/wa.me\/34621080558\">\n\t\t\t\t\t\t<span class=\"elementor-button-content-wrapper\">\n\t\t\t\t\t\t<span class=\"elementor-button-icon\">\n\t\t\t\t<svg xmlns=\"http:\/\/www.w3.org\/2000\/svg\" id=\"f451c7b2-cfd4-471d-95d9-ce9ec1a77a55\" data-name=\"Layer 1\" width=\"18\" height=\"24\" viewbox=\"0 0 18 24\"><path d=\"M18,13.9546.5242,1S11.5341,13.4091,0,25Z\" transform=\"translate(0 -1)\" style=\"fill-rule:evenodd\"><\/path><\/svg>\t\t\t<\/span>\n\t\t\t\t\t\t\t\t\t<span class=\"elementor-button-text\">Hablar por Whatsapp<\/span>\n\t\t\t\t\t<\/span>\n\t\t\t\t\t<\/a>\n\t\t\t\t<\/div>\n\t\t\t\t\t\t\t\t<\/div>\n\t\t\t\t<\/div>\n\t\t\t\t<\/div>\n\t\t\t\t\t<\/div>\n\t\t\t\t<\/div>\n\t\t<div class=\"elementor-element elementor-element-765662f e-flex e-con-boxed e-con e-parent\" data-id=\"765662f\" data-element_type=\"container\" data-e-type=\"container\">\n\t\t\t\t\t<div class=\"e-con-inner\">\n\t\t\t\t<div class=\"elementor-element elementor-element-d9387dc elementor-widget elementor-widget-spacer\" data-id=\"d9387dc\" data-element_type=\"widget\" data-e-type=\"widget\" data-widget_type=\"spacer.default\">\n\t\t\t\t<div class=\"elementor-widget-container\">\n\t\t\t\t\t\t\t<div class=\"elementor-spacer\">\n\t\t\t<div class=\"elementor-spacer-inner\"><\/div>\n\t\t<\/div>\n\t\t\t\t\t\t<\/div>\n\t\t\t\t<\/div>\n\t\t\t\t\t<\/div>\n\t\t\t\t<\/div>\n\t\t\t\t<\/div>","protected":false},"excerpt":{"rendered":"<p>Cont\u00e1ctanos Tel\u00e9fono: PER +51984297349 &#8211; ESP +34621080558 Email: quechuaearth@gmail.com Direcci\u00f3n: PLAZA DE ARMAS &#8211; CUSCO Horario de atenci\u00f3n: Lunes a Viernes 9:00 am &#8211; 5:00 pm Hablar por Whatsapp<\/p>","protected":false},"author":1,"featured_media":0,"parent":0,"menu_order":0,"comment_status":"closed","ping_status":"closed","template":"elementor_header_footer","meta":{"nf_dc_page":"","footnotes":""},"class_list":["post-33","page","type-page","status-publish","hentry"],"yoast_head":"<!-- This site is optimized with the Yoast SEO plugin v27.3 - https:\/\/yoast.com\/product\/yoast-seo-wordpress\/ -->\n<title>6. CONTACT - Quechua Earth Travel Agency Cusco<\/title>\n<meta name=\"robots\" content=\"index, follow, max-snippet:-1, max-image-preview:large, max-video-preview:-1\" \/>\n<link rel=\"canonical\" href=\"https:\/\/quechuaearth.com\/es\/contact\/\" \/>\n<meta property=\"og:locale\" content=\"es_ES\" \/>\n<meta property=\"og:type\" content=\"article\" \/>\n<meta property=\"og:title\" content=\"6. CONTACT - Quechua Earth Travel Agency Cusco\" \/>\n<meta property=\"og:description\" content=\"Cont\u00e1ctanos Tel\u00e9fono: PER +51984297349 &#8211; ESP +34621080558 Email: quechuaearth@gmail.com Direcci\u00f3n: PLAZA DE ARMAS &#8211; CUSCO Horario de atenci\u00f3n: Lunes a Viernes 9:00 am &#8211; 5:00 pm Hablar por Whatsapp\" \/>\n<meta property=\"og:url\" content=\"https:\/\/quechuaearth.com\/es\/contact\/\" \/>\n<meta property=\"og:site_name\" content=\"Quechua Earth Travel Agency Cusco\" \/>\n<meta property=\"article:modified_time\" content=\"2025-08-28T18:16:32+00:00\" \/>\n<meta property=\"og:image\" content=\"https:\/\/quechuaearth.com\/wp-content\/uploads\/2023\/05\/pexels-chelsea-cook-2929906-scaled-1.jpg\" \/>\n\t<meta property=\"og:image:width\" content=\"2560\" \/>\n\t<meta property=\"og:image:height\" content=\"1920\" \/>\n\t<meta property=\"og:image:type\" content=\"image\/jpeg\" \/>\n<meta name=\"twitter:card\" content=\"summary_large_image\" \/>\n<meta name=\"twitter:label1\" content=\"Tiempo de lectura\" \/>\n\t<meta name=\"twitter:data1\" content=\"1 minuto\" \/>\n<script type=\"application\/ld+json\" class=\"yoast-schema-graph\">{\"@context\":\"https:\\\/\\\/schema.org\",\"@graph\":[{\"@type\":\"WebPage\",\"@id\":\"https:\\\/\\\/quechuaearth.com\\\/contact\\\/\",\"url\":\"https:\\\/\\\/quechuaearth.com\\\/contact\\\/\",\"name\":\"6. CONTACT - Quechua Earth Travel Agency Cusco\",\"isPartOf\":{\"@id\":\"https:\\\/\\\/quechuaearth.com\\\/#website\"},\"datePublished\":\"2023-03-29T22:14:20+00:00\",\"dateModified\":\"2025-08-28T18:16:32+00:00\",\"breadcrumb\":{\"@id\":\"https:\\\/\\\/quechuaearth.com\\\/contact\\\/#breadcrumb\"},\"inLanguage\":\"es\",\"potentialAction\":[{\"@type\":\"ReadAction\",\"target\":[\"https:\\\/\\\/quechuaearth.com\\\/contact\\\/\"]}]},{\"@type\":\"BreadcrumbList\",\"@id\":\"https:\\\/\\\/quechuaearth.com\\\/contact\\\/#breadcrumb\",\"itemListElement\":[{\"@type\":\"ListItem\",\"position\":1,\"name\":\"Home\",\"item\":\"https:\\\/\\\/quechuaearth.com\\\/\"},{\"@type\":\"ListItem\",\"position\":2,\"name\":\"6. CONTACT\"}]},{\"@type\":\"WebSite\",\"@id\":\"https:\\\/\\\/quechuaearth.com\\\/#website\",\"url\":\"https:\\\/\\\/quechuaearth.com\\\/\",\"name\":\"Quechua Earth\",\"description\":\"Responsible and sustainable travel in Cusco, Peru.\",\"publisher\":{\"@id\":\"https:\\\/\\\/quechuaearth.com\\\/#organization\"},\"potentialAction\":[{\"@type\":\"SearchAction\",\"target\":{\"@type\":\"EntryPoint\",\"urlTemplate\":\"https:\\\/\\\/quechuaearth.com\\\/?s={search_term_string}\"},\"query-input\":{\"@type\":\"PropertyValueSpecification\",\"valueRequired\":true,\"valueName\":\"search_term_string\"}}],\"inLanguage\":\"es\"},{\"@type\":\"Organization\",\"@id\":\"https:\\\/\\\/quechuaearth.com\\\/#organization\",\"name\":\"Quechua Earth Travel Agency\",\"url\":\"https:\\\/\\\/quechuaearth.com\\\/\",\"logo\":{\"@type\":\"ImageObject\",\"inLanguage\":\"es\",\"@id\":\"https:\\\/\\\/quechuaearth.com\\\/#\\\/schema\\\/logo\\\/image\\\/\",\"url\":\"https:\\\/\\\/quechuaearth.com\\\/wp-content\\\/uploads\\\/2023\\\/03\\\/logo-quechuai.png\",\"contentUrl\":\"https:\\\/\\\/quechuaearth.com\\\/wp-content\\\/uploads\\\/2023\\\/03\\\/logo-quechuai.png\",\"width\":1119,\"height\":559,\"caption\":\"Quechua Earth Travel Agency\"},\"image\":{\"@id\":\"https:\\\/\\\/quechuaearth.com\\\/#\\\/schema\\\/logo\\\/image\\\/\"}}]}<\/script>\n<!-- \/ Yoast SEO plugin. -->","yoast_head_json":{"title":"6. CONTACT - Quechua Earth Travel Agency Cusco","robots":{"index":"index","follow":"follow","max-snippet":"max-snippet:-1","max-image-preview":"max-image-preview:large","max-video-preview":"max-video-preview:-1"},"canonical":"https:\/\/quechuaearth.com\/es\/contact\/","og_locale":"es_ES","og_type":"article","og_title":"6. CONTACT - Quechua Earth Travel Agency Cusco","og_description":"Cont\u00e1ctanos Tel\u00e9fono: PER +51984297349 &#8211; ESP +34621080558 Email: quechuaearth@gmail.com Direcci\u00f3n: PLAZA DE ARMAS &#8211; CUSCO Horario de atenci\u00f3n: Lunes a Viernes 9:00 am &#8211; 5:00 pm Hablar por Whatsapp","og_url":"https:\/\/quechuaearth.com\/es\/contact\/","og_site_name":"Quechua Earth Travel Agency Cusco","article_modified_time":"2025-08-28T18:16:32+00:00","og_image":[{"width":2560,"height":1920,"url":"https:\/\/quechuaearth.com\/wp-content\/uploads\/2023\/05\/pexels-chelsea-cook-2929906-scaled-1.jpg","type":"image\/jpeg"}],"twitter_card":"summary_large_image","twitter_misc":{"Tiempo de lectura":"1 minuto"},"schema":{"@context":"https:\/\/schema.org","@graph":[{"@type":"WebPage","@id":"https:\/\/quechuaearth.com\/contact\/","url":"https:\/\/quechuaearth.com\/contact\/","name":"6. CONTACT - Quechua Earth Travel Agency Cusco","isPartOf":{"@id":"https:\/\/quechuaearth.com\/#website"},"datePublished":"2023-03-29T22:14:20+00:00","dateModified":"2025-08-28T18:16:32+00:00","breadcrumb":{"@id":"https:\/\/quechuaearth.com\/contact\/#breadcrumb"},"inLanguage":"es","potentialAction":[{"@type":"ReadAction","target":["https:\/\/quechuaearth.com\/contact\/"]}]},{"@type":"BreadcrumbList","@id":"https:\/\/quechuaearth.com\/contact\/#breadcrumb","itemListElement":[{"@type":"ListItem","position":1,"name":"Home","item":"https:\/\/quechuaearth.com\/"},{"@type":"ListItem","position":2,"name":"6. CONTACT"}]},{"@type":"WebSite","@id":"https:\/\/quechuaearth.com\/#website","url":"https:\/\/quechuaearth.com\/","name":"Quechua Earth","description":"Responsible and sustainable travel in Cusco, Peru.","publisher":{"@id":"https:\/\/quechuaearth.com\/#organization"},"potentialAction":[{"@type":"SearchAction","target":{"@type":"EntryPoint","urlTemplate":"https:\/\/quechuaearth.com\/?s={search_term_string}"},"query-input":{"@type":"PropertyValueSpecification","valueRequired":true,"valueName":"search_term_string"}}],"inLanguage":"es"},{"@type":"Organization","@id":"https:\/\/quechuaearth.com\/#organization","name":"Quechua Earth Travel Agency","url":"https:\/\/quechuaearth.com\/","logo":{"@type":"ImageObject","inLanguage":"es","@id":"https:\/\/quechuaearth.com\/#\/schema\/logo\/image\/","url":"https:\/\/quechuaearth.com\/wp-content\/uploads\/2023\/03\/logo-quechuai.png","contentUrl":"https:\/\/quechuaearth.com\/wp-content\/uploads\/2023\/03\/logo-quechuai.png","width":1119,"height":559,"caption":"Quechua Earth Travel Agency"},"image":{"@id":"https:\/\/quechuaearth.com\/#\/schema\/logo\/image\/"}}]}},"jetpack_sharing_enabled":true,"_links":{"self":[{"href":"https:\/\/quechuaearth.com\/es\/wp-json\/wp\/v2\/pages\/33","targetHints":{"allow":["GET"]}}],"collection":[{"href":"https:\/\/quechuaearth.com\/es\/wp-json\/wp\/v2\/pages"}],"about":[{"href":"https:\/\/quechuaearth.com\/es\/wp-json\/wp\/v2\/types\/page"}],"author":[{"embeddable":true,"href":"https:\/\/quechuaearth.com\/es\/wp-json\/wp\/v2\/users\/1"}],"replies":[{"embeddable":true,"href":"https:\/\/quechuaearth.com\/es\/wp-json\/wp\/v2\/comments?post=33"}],"version-history":[{"count":20,"href":"https:\/\/quechuaearth.com\/es\/wp-json\/wp\/v2\/pages\/33\/revisions"}],"predecessor-version":[{"id":3499,"href":"https:\/\/quechuaearth.com\/es\/wp-json\/wp\/v2\/pages\/33\/revisions\/3499"}],"wp:attachment":[{"href":"https:\/\/quechuaearth.com\/es\/wp-json\/wp\/v2\/media?parent=33"}],"curies":[{"name":"wp","href":"https:\/\/api.w.org\/{rel}","templated":true}]}}